{"id":245143,"date":"2025-05-21T13:35:06","date_gmt":"2025-05-21T18:35:06","guid":{"rendered":"https:\/\/habilitas.ca\/?page_id=245143"},"modified":"2025-05-28T13:47:07","modified_gmt":"2025-05-28T18:47:07","slug":"1mai","status":"publish","type":"page","link":"https:\/\/habilitas.ca\/fr\/1mai\/","title":{"rendered":""},"content":{"rendered":"<p><img loading=\"lazy\" decoding=\"async\" class=\"alignnone size-medium wp-image-245154 aligncenter\" src=\"https:\/\/habilitas.ca\/wp-content\/uploads\/2025\/05\/TY2-fr-300x169.png\" alt=\"\" width=\"300\" height=\"169\" \/>Notre Soir\u00e9e de reconnaissance des donateurs 2025 (qui a eu lieu le 1er mai 2025) \u00e9tait une c\u00e9l\u00e9bration de vous, et de tout ce que vous rendez possible dans la vie de tant de personnes atteintes d\u2019une d\u00e9ficience physique qui sont soign\u00e9s par les partenaires de la Fondation Habilitas : le MAB-Mackay, le Constance-Lethbridge, le Camp Massawippi et le Centre Action.<\/p>\n<p>Ensemble, nous avons partag\u00e9 des histoires, des rires et des moments inoubliables qui nous rappellent ce qui se produit lorsque la g\u00e9n\u00e9rosit\u00e9 rencontre un objectif.<br \/>\nRevivez la soir\u00e9e en photos ci-dessous \u2014 et d\u00e9couvrez l\u2019impact, la joie et le sentiment de communaut\u00e9 que vous contribuez \u00e0 cr\u00e9er.<\/p>\n<p>&nbsp;<\/p>\n<p>[modula id=\u00a0\u00bb245168&Prime;]<\/p>\n","protected":false},"excerpt":{"rendered":"<p>Notre Soir\u00e9e de reconnaissance des donateurs 2025 (qui a eu lieu le 1er mai 2025) \u00e9tait une c\u00e9l\u00e9bration de vous, et de tout ce que vous rendez possible dans la vie de tant de personnes atteintes d\u2019une d\u00e9ficience physique qui sont soign\u00e9s par les partenaires de la Fondation Habilitas : le MAB-Mackay, le Constance-Lethbridge, le [&hellip;]<\/p>\n","protected":false},"author":13,"featured_media":0,"parent":0,"menu_order":0,"comment_status":"closed","ping_status":"closed","template":"","meta":{"_et_pb_use_builder":"","_et_pb_old_content":"","_et_gb_content_width":"","_monsterinsights_skip_tracking":false,"_monsterinsights_sitenote_active":false,"_monsterinsights_sitenote_note":"","_monsterinsights_sitenote_category":0,"footnotes":""},"class_list":["post-245143","page","type-page","status-publish","hentry"],"yoast_head":"<!-- This site is optimized with the Yoast SEO plugin v27.1.1 - https:\/\/yoast.com\/product\/yoast-seo-wordpress\/ -->\n<title>- Fondation Habilitas Foundation<\/title>\n<meta name=\"description\" content=\"Notre Soir\u00e9e de reconnaissance des donateurs 2025 (qui a eu lieu le 1er mai 2025) \u00e9tait une c\u00e9l\u00e9bration de vous, et de tout ce que vous rendez possible dans la vie de tant de personnes atteintes d\u2019une d\u00e9ficience physique qui sont soign\u00e9s par les partenaires de la Fondation Habilitas : le MAB-Mackay, le Constance-Lethbridge, le Camp Massawippi et le Centre Action.\" \/>\n<meta name=\"robots\" content=\"index, follow, max-snippet:-1, max-image-preview:large, max-video-preview:-1\" \/>\n<link rel=\"canonical\" href=\"https:\/\/habilitas.ca\/fr\/1mai\/\" \/>\n<meta property=\"og:locale\" content=\"fr_FR\" \/>\n<meta property=\"og:type\" content=\"article\" \/>\n<meta property=\"og:title\" content=\"- Fondation Habilitas Foundation\" \/>\n<meta property=\"og:description\" content=\"Notre Soir\u00e9e de reconnaissance des donateurs 2025 (qui a eu lieu le 1er mai 2025) \u00e9tait une c\u00e9l\u00e9bration de vous, et de tout ce que vous rendez possible dans la vie de tant de personnes atteintes d\u2019une d\u00e9ficience physique qui sont soign\u00e9s par les partenaires de la Fondation Habilitas : le MAB-Mackay, le Constance-Lethbridge, le Camp Massawippi et le Centre Action.\" \/>\n<meta property=\"og:url\" content=\"https:\/\/habilitas.ca\/fr\/1mai\/\" \/>\n<meta property=\"og:site_name\" content=\"Fondation Habilitas Foundation\" \/>\n<meta property=\"article:publisher\" content=\"https:\/\/www.facebook.com\/HABILITAS.fondation\/\" \/>\n<meta property=\"article:modified_time\" content=\"2025-05-28T18:47:07+00:00\" \/>\n<meta property=\"og:image\" content=\"https:\/\/habilitas.ca\/wp-content\/uploads\/2025\/05\/TY2-fr.png\" \/>\n\t<meta property=\"og:image:width\" content=\"1280\" \/>\n\t<meta property=\"og:image:height\" content=\"720\" \/>\n\t<meta property=\"og:image:type\" content=\"image\/png\" \/>\n<meta name=\"twitter:card\" content=\"summary_large_image\" \/>\n<meta name=\"twitter:label1\" content=\"Dur\u00e9e de lecture estim\u00e9e\" \/>\n\t<meta name=\"twitter:data1\" content=\"1 minute\" \/>\n<script type=\"application\/ld+json\" class=\"yoast-schema-graph\">{\"@context\":\"https:\/\/schema.org\",\"@graph\":[{\"@type\":\"WebPage\",\"@id\":\"https:\/\/habilitas.ca\/fr\/1mai\/\",\"url\":\"https:\/\/habilitas.ca\/fr\/1mai\/\",\"name\":\"- Fondation Habilitas Foundation\",\"isPartOf\":{\"@id\":\"https:\/\/habilitas.ca\/#website\"},\"primaryImageOfPage\":{\"@id\":\"https:\/\/habilitas.ca\/fr\/1mai\/#primaryimage\"},\"image\":{\"@id\":\"https:\/\/habilitas.ca\/fr\/1mai\/#primaryimage\"},\"thumbnailUrl\":\"https:\/\/habilitas.ca\/wp-content\/uploads\/2025\/05\/TY2-fr-300x169.png\",\"datePublished\":\"2025-05-21T18:35:06+00:00\",\"dateModified\":\"2025-05-28T18:47:07+00:00\",\"description\":\"Notre Soir\u00e9e de reconnaissance des donateurs 2025 (qui a eu lieu le 1er mai 2025) \u00e9tait une c\u00e9l\u00e9bration de vous, et de tout ce que vous rendez possible dans la vie de tant de personnes atteintes d\u2019une d\u00e9ficience physique qui sont soign\u00e9s par les partenaires de la Fondation Habilitas : le MAB-Mackay, le Constance-Lethbridge, le Camp Massawippi et le Centre Action.\",\"inLanguage\":\"fr-FR\",\"potentialAction\":[{\"@type\":\"ReadAction\",\"target\":[\"https:\/\/habilitas.ca\/fr\/1mai\/\"]}]},{\"@type\":\"ImageObject\",\"inLanguage\":\"fr-FR\",\"@id\":\"https:\/\/habilitas.ca\/fr\/1mai\/#primaryimage\",\"url\":\"https:\/\/habilitas.ca\/wp-content\/uploads\/2025\/05\/TY2-fr-300x169.png\",\"contentUrl\":\"https:\/\/habilitas.ca\/wp-content\/uploads\/2025\/05\/TY2-fr-300x169.png\"},{\"@type\":\"WebSite\",\"@id\":\"https:\/\/habilitas.ca\/#website\",\"url\":\"https:\/\/habilitas.ca\/\",\"name\":\"Habilitas\",\"description\":\"\",\"potentialAction\":[{\"@type\":\"SearchAction\",\"target\":{\"@type\":\"EntryPoint\",\"urlTemplate\":\"https:\/\/habilitas.ca\/?s={search_term_string}\"},\"query-input\":{\"@type\":\"PropertyValueSpecification\",\"valueRequired\":true,\"valueName\":\"search_term_string\"}}],\"inLanguage\":\"fr-FR\"}]}<\/script>\n<!-- \/ Yoast SEO plugin. -->","yoast_head_json":{"title":"- Fondation Habilitas Foundation","description":"Notre Soir\u00e9e de reconnaissance des donateurs 2025 (qui a eu lieu le 1er mai 2025) \u00e9tait une c\u00e9l\u00e9bration de vous, et de tout ce que vous rendez possible dans la vie de tant de personnes atteintes d\u2019une d\u00e9ficience physique qui sont soign\u00e9s par les partenaires de la Fondation Habilitas : le MAB-Mackay, le Constance-Lethbridge, le Camp Massawippi et le Centre Action.","robots":{"index":"index","follow":"follow","max-snippet":"max-snippet:-1","max-image-preview":"max-image-preview:large","max-video-preview":"max-video-preview:-1"},"canonical":"https:\/\/habilitas.ca\/fr\/1mai\/","og_locale":"fr_FR","og_type":"article","og_title":"- Fondation Habilitas Foundation","og_description":"Notre Soir\u00e9e de reconnaissance des donateurs 2025 (qui a eu lieu le 1er mai 2025) \u00e9tait une c\u00e9l\u00e9bration de vous, et de tout ce que vous rendez possible dans la vie de tant de personnes atteintes d\u2019une d\u00e9ficience physique qui sont soign\u00e9s par les partenaires de la Fondation Habilitas : le MAB-Mackay, le Constance-Lethbridge, le Camp Massawippi et le Centre Action.","og_url":"https:\/\/habilitas.ca\/fr\/1mai\/","og_site_name":"Fondation Habilitas Foundation","article_publisher":"https:\/\/www.facebook.com\/HABILITAS.fondation\/","article_modified_time":"2025-05-28T18:47:07+00:00","og_image":[{"width":1280,"height":720,"url":"https:\/\/habilitas.ca\/wp-content\/uploads\/2025\/05\/TY2-fr.png","type":"image\/png"}],"twitter_card":"summary_large_image","twitter_misc":{"Dur\u00e9e de lecture estim\u00e9e":"1 minute"},"schema":{"@context":"https:\/\/schema.org","@graph":[{"@type":"WebPage","@id":"https:\/\/habilitas.ca\/fr\/1mai\/","url":"https:\/\/habilitas.ca\/fr\/1mai\/","name":"- Fondation Habilitas Foundation","isPartOf":{"@id":"https:\/\/habilitas.ca\/#website"},"primaryImageOfPage":{"@id":"https:\/\/habilitas.ca\/fr\/1mai\/#primaryimage"},"image":{"@id":"https:\/\/habilitas.ca\/fr\/1mai\/#primaryimage"},"thumbnailUrl":"https:\/\/habilitas.ca\/wp-content\/uploads\/2025\/05\/TY2-fr-300x169.png","datePublished":"2025-05-21T18:35:06+00:00","dateModified":"2025-05-28T18:47:07+00:00","description":"Notre Soir\u00e9e de reconnaissance des donateurs 2025 (qui a eu lieu le 1er mai 2025) \u00e9tait une c\u00e9l\u00e9bration de vous, et de tout ce que vous rendez possible dans la vie de tant de personnes atteintes d\u2019une d\u00e9ficience physique qui sont soign\u00e9s par les partenaires de la Fondation Habilitas : le MAB-Mackay, le Constance-Lethbridge, le Camp Massawippi et le Centre Action.","inLanguage":"fr-FR","potentialAction":[{"@type":"ReadAction","target":["https:\/\/habilitas.ca\/fr\/1mai\/"]}]},{"@type":"ImageObject","inLanguage":"fr-FR","@id":"https:\/\/habilitas.ca\/fr\/1mai\/#primaryimage","url":"https:\/\/habilitas.ca\/wp-content\/uploads\/2025\/05\/TY2-fr-300x169.png","contentUrl":"https:\/\/habilitas.ca\/wp-content\/uploads\/2025\/05\/TY2-fr-300x169.png"},{"@type":"WebSite","@id":"https:\/\/habilitas.ca\/#website","url":"https:\/\/habilitas.ca\/","name":"Habilitas","description":"","potentialAction":[{"@type":"SearchAction","target":{"@type":"EntryPoint","urlTemplate":"https:\/\/habilitas.ca\/?s={search_term_string}"},"query-input":{"@type":"PropertyValueSpecification","valueRequired":true,"valueName":"search_term_string"}}],"inLanguage":"fr-FR"}]}},"_links":{"self":[{"href":"https:\/\/habilitas.ca\/fr\/wp-json\/wp\/v2\/pages\/245143","targetHints":{"allow":["GET"]}}],"collection":[{"href":"https:\/\/habilitas.ca\/fr\/wp-json\/wp\/v2\/pages"}],"about":[{"href":"https:\/\/habilitas.ca\/fr\/wp-json\/wp\/v2\/types\/page"}],"author":[{"embeddable":true,"href":"https:\/\/habilitas.ca\/fr\/wp-json\/wp\/v2\/users\/13"}],"replies":[{"embeddable":true,"href":"https:\/\/habilitas.ca\/fr\/wp-json\/wp\/v2\/comments?post=245143"}],"version-history":[{"count":9,"href":"https:\/\/habilitas.ca\/fr\/wp-json\/wp\/v2\/pages\/245143\/revisions"}],"predecessor-version":[{"id":245371,"href":"https:\/\/habilitas.ca\/fr\/wp-json\/wp\/v2\/pages\/245143\/revisions\/245371"}],"wp:attachment":[{"href":"https:\/\/habilitas.ca\/fr\/wp-json\/wp\/v2\/media?parent=245143"}],"curies":[{"name":"wp","href":"https:\/\/api.w.org\/{rel}","templated":true}]}}