{"id":244325,"date":"2024-06-18T11:16:53","date_gmt":"2024-06-18T16:16:53","guid":{"rendered":"https:\/\/habilitas.ca\/?page_id=244325"},"modified":"2024-06-18T11:37:47","modified_gmt":"2024-06-18T16:37:47","slug":"juliette-massawippi","status":"publish","type":"page","link":"https:\/\/habilitas.ca\/fr\/impact\/histoires-de-client%c2%b7e%c2%b7s\/juliette-massawippi\/","title":{"rendered":"Juliette"},"content":{"rendered":"<p><img loading=\"lazy\" decoding=\"async\" class=\" wp-image-244323 alignright\" src=\"https:\/\/habilitas.ca\/wp-content\/uploads\/2024\/06\/PHOTO-2022-07-27-13-24-50-225x300.jpg\" alt=\"young teen age counselor seated at left in a ball hat and life vest, leans over and speaks with a young camper in a wheelchair in a blue bucket hat and patterned life vest.\" width=\"326\" height=\"435\" \/>Avec l\u2019arriv\u00e9e du temps chaud et des jours plus longs, l\u2019\u00e9t\u00e9 ne peut pas \u00eatre trop loin.<\/p>\n<p>De nombreux parents songent \u00e0 des options pour occuper le temps de leur enfant et profiter au maximum de la belle saison. Plusieurs consid\u00e8rent le camp d\u2019\u00e9t\u00e9 comme une occasion de d\u00e9veloppement, de socialisation, d\u2019autonomie et de plaisir.<\/p>\n<p>Pour notre fille Juliette, la plupart des options estivales que nous tenons pour acquises sont tout simplement hors de port\u00e9e.<\/p>\n<p>Juliette est une enfant tr\u00e8s enjou\u00e9e et tr\u00e8s sociable maintenant \u00e2g\u00e9e de 12 ans. Elle est n\u00e9e avec une maladie g\u00e9n\u00e9tique rare avec environ 100 cas rapport\u00e9s dans le monde.<\/p>\n<p>Sa condition cause un retard de d\u00e9veloppement global qui affecte ses fonctions motrices et cognitives. Elle se d\u00e9place essentiellement en fauteuil roulant et est d\u00e9pendante pour toutes ses activit\u00e9s d\u2019hygi\u00e8ne et de la vie quotidienne. Elle peut s\u2019exprimer par des mots tr\u00e8s simples mais elle utilise surtout un style simplifi\u00e9 du langage des signes.<\/p>\n<p>Malgr\u00e9 ses d\u00e9fis, Juliette s&rsquo;adapte bien, s&rsquo;amuse facilement et adore les gens. Cinq ans se sont d\u00e9j\u00e0 \u00e9coul\u00e9s depuis son premier s\u00e9jour au Camp Massawippi. Je me souviens qu&rsquo;elle ne voulait pas partir lorsque nous sommes revenus la chercher apr\u00e8s ce premier \u00e9t\u00e9 !<\/p>\n<p>Depuis, elle est toujours tr\u00e8s excit\u00e9e d\u2019aller au Camp car elle sait qu\u2019elle sera entour\u00e9e d\u2019amis et qu\u2019elle y fera des activit\u00e9s tr\u00e8s stimulantes. En tant que parents, nous avons la tranquillit\u00e9 d\u2019esprit de savoir que Juliette est entre bonnes mains au camp et que tout sera fait pour assurer son bien-\u00eatre. L\u2019\u00e9quipe est toujours pr\u00e9sente pour soutenir Juliette avec ses besoins essentiels, et pour l\u2019aider \u00e0 se rendre aux diff\u00e9rentes activit\u00e9s du camp.<\/p>\n<p>Il nous serait difficile de faire vivre d\u2019aussi belles aventures \u00e0 Juliette en compagnie d\u2019autant d\u2019amis sans le Camp Massawippi. M\u00eame si elle ne peut l\u2019exprimer clairement, nous savons qu\u2019elle vit des exp\u00e9riences tr\u00e8s enrichissantes au camp qui lui permettent d\u2019essayer de nouvelles activit\u00e9s et de s\u2019\u00e9panouir. Parmi ses activit\u00e9s pr\u00e9f\u00e9r\u00e9es, les feux de camp en groupe, les chansons, la danse et les bricolages. Nous sommes tr\u00e8s heureux de pouvoir offrir ce moment de pur plaisir \u00e0 Juliette.<\/p>\n<p>Vous avez aid\u00e9 \u00e0 rendre tout cela possible. Par votre soutien pr\u00e9cieux pour le Camp Massawippi, vous donnez la chance \u00e0 des enfants diff\u00e9rents d\u2019exp\u00e9rimenter la nature et l\u2019esprit de communaut\u00e9, et vous permettez \u00e0 des parents de se reposer momentan\u00e9ment en toute confiance.<\/p>\n<p>Juliette a tr\u00e8s h\u00e2te \u00e0 se retrouver avec ses amis cet \u00e9t\u00e9. J\u2019ai \u00e9galement h\u00e2te car je me suis inscrit comme b\u00e9n\u00e9vole avec l\u2019\u00e9quipe de ski nautique adapt\u00e9, et j\u2019aurai la chance d\u2019offrir cette exp\u00e9rience si sp\u00e9ciale aux campeurs.<\/p>\n<p><strong>\u00c0 l\u2019approche de la saison estivale, je vous invite \u00e0 renouveler votre soutien important pour ce camp d\u2019\u00e9t\u00e9 unique en faisant votre don annuel. <\/strong>Vous aiderez directement le camp \u00e0 offrir aux jeunes une exp\u00e9rience transformatrice qui leur laissera des souvenirs inoubliables.<\/p>\n<p>Nous vous remercions du fond du c\u0153ur de votre soutien continu au Camp Massawippi.<\/p>\n<p>Marc-Antoine, P\u00e8re reconnaissant de Juliette<\/p>\n<p><em>P.-S. Le quotidien avec un enfant polyhandicap\u00e9 comporte \u00e9videmment des d\u00e9fis. Le Camp Massawippi fait partie int\u00e9grante de la vie de notre fille Juliette chaque \u00e9t\u00e9, lui offrant la chance de s\u2019\u00e9panouir et d\u2019\u00eatre autonome, si importante pour sa croissance personnelle. Le s\u00e9jour au camp de Juliette en plein \u00e9t\u00e9 nous offre une soupape pour recharger les batteries pour nous donner l\u2019\u00e9nergie de continuer. Merci de votre soutien essentiel!<\/em><\/p>\n","protected":false},"excerpt":{"rendered":"<p>Juliette est une enfant tr\u00e8s enjou\u00e9e et tr\u00e8s sociable maintenant \u00e2g\u00e9e de 12 ans. Elle est n\u00e9e avec une maladie g\u00e9n\u00e9tique rare avec environ 100 cas rapport\u00e9s dans le monde. Malgr\u00e9 ses d\u00e9fis, Juliette s&rsquo;adapte bien, s&rsquo;amuse facilement et adore les gens. Cinq ans se sont d\u00e9j\u00e0 \u00e9coul\u00e9s depuis son premier s\u00e9jour au Camp Massawippi.<\/p>\n","protected":false},"author":13,"featured_media":244323,"parent":242797,"menu_order":0,"comment_status":"closed","ping_status":"closed","template":"","meta":{"_et_pb_use_builder":"","_et_pb_old_content":"","_et_gb_content_width":"","_monsterinsights_skip_tracking":false,"_monsterinsights_sitenote_active":false,"_monsterinsights_sitenote_note":"","_monsterinsights_sitenote_category":0,"footnotes":""},"class_list":["post-244325","page","type-page","status-publish","has-post-thumbnail","hentry"],"yoast_head":"<!-- This site is optimized with the Yoast SEO plugin v27.1.1 - https:\/\/yoast.com\/product\/yoast-seo-wordpress\/ -->\n<title>Juliette - Fondation Habilitas Foundation<\/title>\n<meta name=\"description\" content=\"Juliette est une enfant tr\u00e8s enjou\u00e9e et tr\u00e8s sociable maintenant \u00e2g\u00e9e de 12 ans. Elle est n\u00e9e avec une maladie g\u00e9n\u00e9tique rare avec environ 100 cas rapport\u00e9s dans le monde. Malgr\u00e9 ses d\u00e9fis, Juliette s&#039;adapte bien, s&#039;amuse facilement et adore les gens. Cinq ans se sont d\u00e9j\u00e0 \u00e9coul\u00e9s depuis son premier s\u00e9jour au Camp Massawippi.\" \/>\n<meta name=\"robots\" content=\"index, follow, max-snippet:-1, max-image-preview:large, max-video-preview:-1\" \/>\n<link rel=\"canonical\" href=\"https:\/\/habilitas.ca\/fr\/impact\/histoires-de-client\u00b7e\u00b7s\/juliette-massawippi\/\" \/>\n<meta property=\"og:locale\" content=\"fr_FR\" \/>\n<meta property=\"og:type\" content=\"article\" \/>\n<meta property=\"og:title\" content=\"Juliette - Fondation Habilitas Foundation\" \/>\n<meta property=\"og:description\" content=\"Juliette est une enfant tr\u00e8s enjou\u00e9e et tr\u00e8s sociable maintenant \u00e2g\u00e9e de 12 ans. Elle est n\u00e9e avec une maladie g\u00e9n\u00e9tique rare avec environ 100 cas rapport\u00e9s dans le monde. Malgr\u00e9 ses d\u00e9fis, Juliette s&#039;adapte bien, s&#039;amuse facilement et adore les gens. Cinq ans se sont d\u00e9j\u00e0 \u00e9coul\u00e9s depuis son premier s\u00e9jour au Camp Massawippi.\" \/>\n<meta property=\"og:url\" content=\"https:\/\/habilitas.ca\/fr\/impact\/histoires-de-client\u00b7e\u00b7s\/juliette-massawippi\/\" \/>\n<meta property=\"og:site_name\" content=\"Fondation Habilitas Foundation\" \/>\n<meta property=\"article:publisher\" content=\"https:\/\/www.facebook.com\/HABILITAS.fondation\/\" \/>\n<meta property=\"article:modified_time\" content=\"2024-06-18T16:37:47+00:00\" \/>\n<meta property=\"og:image\" content=\"https:\/\/habilitas.ca\/wp-content\/uploads\/2024\/06\/PHOTO-2022-07-27-13-24-50.jpg\" \/>\n\t<meta property=\"og:image:width\" content=\"768\" \/>\n\t<meta property=\"og:image:height\" content=\"1024\" \/>\n\t<meta property=\"og:image:type\" content=\"image\/jpeg\" \/>\n<meta name=\"twitter:card\" content=\"summary_large_image\" \/>\n<meta name=\"twitter:label1\" content=\"Dur\u00e9e de lecture estim\u00e9e\" \/>\n\t<meta name=\"twitter:data1\" content=\"3 minutes\" \/>\n<script type=\"application\/ld+json\" class=\"yoast-schema-graph\">{\"@context\":\"https:\/\/schema.org\",\"@graph\":[{\"@type\":\"WebPage\",\"@id\":\"https:\/\/habilitas.ca\/fr\/impact\/histoires-de-client%c2%b7e%c2%b7s\/juliette-massawippi\/\",\"url\":\"https:\/\/habilitas.ca\/fr\/impact\/histoires-de-client%c2%b7e%c2%b7s\/juliette-massawippi\/\",\"name\":\"Juliette - Fondation Habilitas Foundation\",\"isPartOf\":{\"@id\":\"https:\/\/habilitas.ca\/#website\"},\"primaryImageOfPage\":{\"@id\":\"https:\/\/habilitas.ca\/fr\/impact\/histoires-de-client%c2%b7e%c2%b7s\/juliette-massawippi\/#primaryimage\"},\"image\":{\"@id\":\"https:\/\/habilitas.ca\/fr\/impact\/histoires-de-client%c2%b7e%c2%b7s\/juliette-massawippi\/#primaryimage\"},\"thumbnailUrl\":\"https:\/\/habilitas.ca\/wp-content\/uploads\/2024\/06\/PHOTO-2022-07-27-13-24-50.jpg\",\"datePublished\":\"2024-06-18T16:16:53+00:00\",\"dateModified\":\"2024-06-18T16:37:47+00:00\",\"description\":\"Juliette est une enfant tr\u00e8s enjou\u00e9e et tr\u00e8s sociable maintenant \u00e2g\u00e9e de 12 ans. Elle est n\u00e9e avec une maladie g\u00e9n\u00e9tique rare avec environ 100 cas rapport\u00e9s dans le monde. Malgr\u00e9 ses d\u00e9fis, Juliette s'adapte bien, s'amuse facilement et adore les gens. Cinq ans se sont d\u00e9j\u00e0 \u00e9coul\u00e9s depuis son premier s\u00e9jour au Camp Massawippi.\",\"breadcrumb\":{\"@id\":\"https:\/\/habilitas.ca\/fr\/impact\/histoires-de-client%c2%b7e%c2%b7s\/juliette-massawippi\/#breadcrumb\"},\"inLanguage\":\"fr-FR\",\"potentialAction\":[{\"@type\":\"ReadAction\",\"target\":[\"https:\/\/habilitas.ca\/fr\/impact\/histoires-de-client%c2%b7e%c2%b7s\/juliette-massawippi\/\"]}]},{\"@type\":\"ImageObject\",\"inLanguage\":\"fr-FR\",\"@id\":\"https:\/\/habilitas.ca\/fr\/impact\/histoires-de-client%c2%b7e%c2%b7s\/juliette-massawippi\/#primaryimage\",\"url\":\"https:\/\/habilitas.ca\/wp-content\/uploads\/2024\/06\/PHOTO-2022-07-27-13-24-50.jpg\",\"contentUrl\":\"https:\/\/habilitas.ca\/wp-content\/uploads\/2024\/06\/PHOTO-2022-07-27-13-24-50.jpg\",\"width\":768,\"height\":1024,\"caption\":\"young teen age counselor seated at left in a ball hat and life vest, leans over and speaks with a young camper in a wheelchair in a blue bucket hat and patterned life vest.\"},{\"@type\":\"BreadcrumbList\",\"@id\":\"https:\/\/habilitas.ca\/fr\/impact\/histoires-de-client%c2%b7e%c2%b7s\/juliette-massawippi\/#breadcrumb\",\"itemListElement\":[{\"@type\":\"ListItem\",\"position\":1,\"name\":\"Home\",\"item\":\"https:\/\/habilitas.ca\/fr\/\"},{\"@type\":\"ListItem\",\"position\":2,\"name\":\"Impact\",\"item\":\"https:\/\/habilitas.ca\/fr\/impact\/\"},{\"@type\":\"ListItem\",\"position\":3,\"name\":\"T\u00e9moignages\",\"item\":\"https:\/\/habilitas.ca\/fr\/impact\/histoires-de-client%c2%b7e%c2%b7s\/\"},{\"@type\":\"ListItem\",\"position\":4,\"name\":\"Juliette\"}]},{\"@type\":\"WebSite\",\"@id\":\"https:\/\/habilitas.ca\/#website\",\"url\":\"https:\/\/habilitas.ca\/\",\"name\":\"Habilitas\",\"description\":\"\",\"potentialAction\":[{\"@type\":\"SearchAction\",\"target\":{\"@type\":\"EntryPoint\",\"urlTemplate\":\"https:\/\/habilitas.ca\/?s={search_term_string}\"},\"query-input\":{\"@type\":\"PropertyValueSpecification\",\"valueRequired\":true,\"valueName\":\"search_term_string\"}}],\"inLanguage\":\"fr-FR\"}]}<\/script>\n<!-- \/ Yoast SEO plugin. -->","yoast_head_json":{"title":"Juliette - Fondation Habilitas Foundation","description":"Juliette est une enfant tr\u00e8s enjou\u00e9e et tr\u00e8s sociable maintenant \u00e2g\u00e9e de 12 ans. Elle est n\u00e9e avec une maladie g\u00e9n\u00e9tique rare avec environ 100 cas rapport\u00e9s dans le monde. Malgr\u00e9 ses d\u00e9fis, Juliette s'adapte bien, s'amuse facilement et adore les gens. Cinq ans se sont d\u00e9j\u00e0 \u00e9coul\u00e9s depuis son premier s\u00e9jour au Camp Massawippi.","robots":{"index":"index","follow":"follow","max-snippet":"max-snippet:-1","max-image-preview":"max-image-preview:large","max-video-preview":"max-video-preview:-1"},"canonical":"https:\/\/habilitas.ca\/fr\/impact\/histoires-de-client\u00b7e\u00b7s\/juliette-massawippi\/","og_locale":"fr_FR","og_type":"article","og_title":"Juliette - Fondation Habilitas Foundation","og_description":"Juliette est une enfant tr\u00e8s enjou\u00e9e et tr\u00e8s sociable maintenant \u00e2g\u00e9e de 12 ans. Elle est n\u00e9e avec une maladie g\u00e9n\u00e9tique rare avec environ 100 cas rapport\u00e9s dans le monde. Malgr\u00e9 ses d\u00e9fis, Juliette s'adapte bien, s'amuse facilement et adore les gens. Cinq ans se sont d\u00e9j\u00e0 \u00e9coul\u00e9s depuis son premier s\u00e9jour au Camp Massawippi.","og_url":"https:\/\/habilitas.ca\/fr\/impact\/histoires-de-client\u00b7e\u00b7s\/juliette-massawippi\/","og_site_name":"Fondation Habilitas Foundation","article_publisher":"https:\/\/www.facebook.com\/HABILITAS.fondation\/","article_modified_time":"2024-06-18T16:37:47+00:00","og_image":[{"width":768,"height":1024,"url":"https:\/\/habilitas.ca\/wp-content\/uploads\/2024\/06\/PHOTO-2022-07-27-13-24-50.jpg","type":"image\/jpeg"}],"twitter_card":"summary_large_image","twitter_misc":{"Dur\u00e9e de lecture estim\u00e9e":"3 minutes"},"schema":{"@context":"https:\/\/schema.org","@graph":[{"@type":"WebPage","@id":"https:\/\/habilitas.ca\/fr\/impact\/histoires-de-client%c2%b7e%c2%b7s\/juliette-massawippi\/","url":"https:\/\/habilitas.ca\/fr\/impact\/histoires-de-client%c2%b7e%c2%b7s\/juliette-massawippi\/","name":"Juliette - Fondation Habilitas Foundation","isPartOf":{"@id":"https:\/\/habilitas.ca\/#website"},"primaryImageOfPage":{"@id":"https:\/\/habilitas.ca\/fr\/impact\/histoires-de-client%c2%b7e%c2%b7s\/juliette-massawippi\/#primaryimage"},"image":{"@id":"https:\/\/habilitas.ca\/fr\/impact\/histoires-de-client%c2%b7e%c2%b7s\/juliette-massawippi\/#primaryimage"},"thumbnailUrl":"https:\/\/habilitas.ca\/wp-content\/uploads\/2024\/06\/PHOTO-2022-07-27-13-24-50.jpg","datePublished":"2024-06-18T16:16:53+00:00","dateModified":"2024-06-18T16:37:47+00:00","description":"Juliette est une enfant tr\u00e8s enjou\u00e9e et tr\u00e8s sociable maintenant \u00e2g\u00e9e de 12 ans. Elle est n\u00e9e avec une maladie g\u00e9n\u00e9tique rare avec environ 100 cas rapport\u00e9s dans le monde. Malgr\u00e9 ses d\u00e9fis, Juliette s'adapte bien, s'amuse facilement et adore les gens. Cinq ans se sont d\u00e9j\u00e0 \u00e9coul\u00e9s depuis son premier s\u00e9jour au Camp Massawippi.","breadcrumb":{"@id":"https:\/\/habilitas.ca\/fr\/impact\/histoires-de-client%c2%b7e%c2%b7s\/juliette-massawippi\/#breadcrumb"},"inLanguage":"fr-FR","potentialAction":[{"@type":"ReadAction","target":["https:\/\/habilitas.ca\/fr\/impact\/histoires-de-client%c2%b7e%c2%b7s\/juliette-massawippi\/"]}]},{"@type":"ImageObject","inLanguage":"fr-FR","@id":"https:\/\/habilitas.ca\/fr\/impact\/histoires-de-client%c2%b7e%c2%b7s\/juliette-massawippi\/#primaryimage","url":"https:\/\/habilitas.ca\/wp-content\/uploads\/2024\/06\/PHOTO-2022-07-27-13-24-50.jpg","contentUrl":"https:\/\/habilitas.ca\/wp-content\/uploads\/2024\/06\/PHOTO-2022-07-27-13-24-50.jpg","width":768,"height":1024,"caption":"young teen age counselor seated at left in a ball hat and life vest, leans over and speaks with a young camper in a wheelchair in a blue bucket hat and patterned life vest."},{"@type":"BreadcrumbList","@id":"https:\/\/habilitas.ca\/fr\/impact\/histoires-de-client%c2%b7e%c2%b7s\/juliette-massawippi\/#breadcrumb","itemListElement":[{"@type":"ListItem","position":1,"name":"Home","item":"https:\/\/habilitas.ca\/fr\/"},{"@type":"ListItem","position":2,"name":"Impact","item":"https:\/\/habilitas.ca\/fr\/impact\/"},{"@type":"ListItem","position":3,"name":"T\u00e9moignages","item":"https:\/\/habilitas.ca\/fr\/impact\/histoires-de-client%c2%b7e%c2%b7s\/"},{"@type":"ListItem","position":4,"name":"Juliette"}]},{"@type":"WebSite","@id":"https:\/\/habilitas.ca\/#website","url":"https:\/\/habilitas.ca\/","name":"Habilitas","description":"","potentialAction":[{"@type":"SearchAction","target":{"@type":"EntryPoint","urlTemplate":"https:\/\/habilitas.ca\/?s={search_term_string}"},"query-input":{"@type":"PropertyValueSpecification","valueRequired":true,"valueName":"search_term_string"}}],"inLanguage":"fr-FR"}]}},"_links":{"self":[{"href":"https:\/\/habilitas.ca\/fr\/wp-json\/wp\/v2\/pages\/244325","targetHints":{"allow":["GET"]}}],"collection":[{"href":"https:\/\/habilitas.ca\/fr\/wp-json\/wp\/v2\/pages"}],"about":[{"href":"https:\/\/habilitas.ca\/fr\/wp-json\/wp\/v2\/types\/page"}],"author":[{"embeddable":true,"href":"https:\/\/habilitas.ca\/fr\/wp-json\/wp\/v2\/users\/13"}],"replies":[{"embeddable":true,"href":"https:\/\/habilitas.ca\/fr\/wp-json\/wp\/v2\/comments?post=244325"}],"version-history":[{"count":2,"href":"https:\/\/habilitas.ca\/fr\/wp-json\/wp\/v2\/pages\/244325\/revisions"}],"predecessor-version":[{"id":244333,"href":"https:\/\/habilitas.ca\/fr\/wp-json\/wp\/v2\/pages\/244325\/revisions\/244333"}],"up":[{"embeddable":true,"href":"https:\/\/habilitas.ca\/fr\/wp-json\/wp\/v2\/pages\/242797"}],"wp:featuredmedia":[{"embeddable":true,"href":"https:\/\/habilitas.ca\/fr\/wp-json\/wp\/v2\/media\/244323"}],"wp:attachment":[{"href":"https:\/\/habilitas.ca\/fr\/wp-json\/wp\/v2\/media?parent=244325"}],"curies":[{"name":"wp","href":"https:\/\/api.w.org\/{rel}","templated":true}]}}