{"id":242827,"date":"2024-03-13T18:55:26","date_gmt":"2024-03-13T18:55:26","guid":{"rendered":"https:\/\/habilitas.ca\/dev-privacy-policy\/"},"modified":"2024-03-29T18:27:38","modified_gmt":"2024-03-29T18:27:38","slug":"politique-de-confidentialite","status":"publish","type":"page","link":"https:\/\/habilitas.ca\/fr\/politique-de-confidentialite\/","title":{"rendered":"Politique de confidentialit\u00e9"},"content":{"rendered":"<p>[et_pb_section fb_built=\u00a0\u00bb1&Prime; admin_label=\u00a0\u00bbSection\u00a0\u00bb _builder_version=\u00a0\u00bb4.20.2&Prime; _module_preset=\u00a0\u00bbdefault\u00a0\u00bb custom_padding=\u00a0\u00bb0px||30px||false|false\u00a0\u00bb da_disable_devices=\u00a0\u00bboff|off|off\u00a0\u00bb border_color_top=\u00a0\u00bbgcid-92f05947-cf85-4c2c-beec-151109507f2c\u00a0\u00bb border_width_bottom=\u00a0\u00bb1px\u00a0\u00bb border_color_bottom=\u00a0\u00bb#313175&Prime; saved_tabs=\u00a0\u00bball\u00a0\u00bb locked=\u00a0\u00bboff\u00a0\u00bb global_colors_info=\u00a0\u00bb{%22gcid-92f05947-cf85-4c2c-beec-151109507f2c%22:%91%22border_color_top%22%93}\u00a0\u00bb theme_builder_area=\u00a0\u00bbpost_content\u00a0\u00bb da_is_popup=\u00a0\u00bboff\u00a0\u00bb da_exit_intent=\u00a0\u00bboff\u00a0\u00bb da_has_close=\u00a0\u00bbon\u00a0\u00bb da_alt_close=\u00a0\u00bboff\u00a0\u00bb da_dark_close=\u00a0\u00bboff\u00a0\u00bb da_not_modal=\u00a0\u00bbon\u00a0\u00bb da_is_singular=\u00a0\u00bboff\u00a0\u00bb da_with_loader=\u00a0\u00bboff\u00a0\u00bb da_has_shadow=\u00a0\u00bbon\u00a0\u00bb][et_pb_row admin_label=\u00a0\u00bbBreadcrumb Blue\u00a0\u00bb _builder_version=\u00a0\u00bb4.20.2&Prime; _module_preset=\u00a0\u00bbdefault\u00a0\u00bb custom_padding=\u00a0\u00bb30px||0px||false|false\u00a0\u00bb border_width_top=\u00a0\u00bb1px\u00a0\u00bb border_color_top=\u00a0\u00bb#313175&Prime; global_colors_info=\u00a0\u00bb{}\u00a0\u00bb theme_builder_area=\u00a0\u00bbpost_content\u00a0\u00bb][et_pb_column type=\u00a0\u00bb4_4&Prime; _builder_version=\u00a0\u00bb4.19.5&Prime; _module_preset=\u00a0\u00bbdefault\u00a0\u00bb global_colors_info=\u00a0\u00bb{}\u00a0\u00bb theme_builder_area=\u00a0\u00bbpost_content\u00a0\u00bb][lwp_divi_breadcrumbs home_text=\u00a0\u00bbAccueil\u00a0\u00bb module_class=\u00a0\u00bbhero-breadcrumbs\u00a0\u00bb _builder_version=\u00a0\u00bb4.23&Prime; _module_preset=\u00a0\u00bbdefault\u00a0\u00bb global_colors_info=\u00a0\u00bb{}\u00a0\u00bb theme_builder_area=\u00a0\u00bbpost_content\u00a0\u00bb][\/lwp_divi_breadcrumbs][\/et_pb_column][\/et_pb_row][\/et_pb_section][et_pb_section fb_built=\u00a0\u00bb1&Prime; admin_label=\u00a0\u00bbsection\u00a0\u00bb _builder_version=\u00a0\u00bb4.16&Prime; da_disable_devices=\u00a0\u00bboff|off|off\u00a0\u00bb global_colors_info=\u00a0\u00bb{}\u00a0\u00bb theme_builder_area=\u00a0\u00bbpost_content\u00a0\u00bb da_is_popup=\u00a0\u00bboff\u00a0\u00bb da_exit_intent=\u00a0\u00bboff\u00a0\u00bb da_has_close=\u00a0\u00bbon\u00a0\u00bb da_alt_close=\u00a0\u00bboff\u00a0\u00bb da_dark_close=\u00a0\u00bboff\u00a0\u00bb da_not_modal=\u00a0\u00bbon\u00a0\u00bb da_is_singular=\u00a0\u00bboff\u00a0\u00bb da_with_loader=\u00a0\u00bboff\u00a0\u00bb da_has_shadow=\u00a0\u00bbon\u00a0\u00bb][et_pb_row admin_label=\u00a0\u00bbrow\u00a0\u00bb _builder_version=\u00a0\u00bb4.16&Prime; background_size=\u00a0\u00bbinitial\u00a0\u00bb background_position=\u00a0\u00bbtop_left\u00a0\u00bb background_repeat=\u00a0\u00bbrepeat\u00a0\u00bb global_colors_info=\u00a0\u00bb{}\u00a0\u00bb theme_builder_area=\u00a0\u00bbpost_content\u00a0\u00bb][et_pb_column type=\u00a0\u00bb4_4&Prime; _builder_version=\u00a0\u00bb4.16&Prime; custom_padding=\u00a0\u00bb|||\u00a0\u00bb global_colors_info=\u00a0\u00bb{}\u00a0\u00bb custom_padding__hover=\u00a0\u00bb|||\u00a0\u00bb theme_builder_area=\u00a0\u00bbpost_content\u00a0\u00bb][et_pb_text admin_label=\u00a0\u00bbText\u00a0\u00bb _builder_version=\u00a0\u00bb4.23&Prime; header_text_color=\u00a0\u00bb#313175&Prime; header_font_size=\u00a0\u00bb40px\u00a0\u00bb background_size=\u00a0\u00bbinitial\u00a0\u00bb background_position=\u00a0\u00bbtop_left\u00a0\u00bb background_repeat=\u00a0\u00bbrepeat\u00a0\u00bb global_colors_info=\u00a0\u00bb{}\u00a0\u00bb theme_builder_area=\u00a0\u00bbpost_content\u00a0\u00bb]<\/p>\n<h1>Politique de Confidentialit\u00e9<\/h1>\n<p>&nbsp;<\/p>\n<p>La Fondation Habilitas accorde une grande importance \u00e0 votre vie priv\u00e9e et s\u2019engage \u00e0 prot\u00e9ger vos renseignements personnels.<\/p>\n<p>La pr\u00e9sente politique d\u00e9crit la fa\u00e7on dont nous recueillons, utilisons et conservons vos donn\u00e9es. En<br \/>interagissant avec notre fondation, vous acceptez les modalit\u00e9s de cette politique.<\/p>\n<p>1. Collecte des renseignements\u00a0\u2013 Dans l\u2019optique de mieux comprendre notre communaut\u00e9, nous recueillons certains renseignements personnels. Ces renseignements comprennent, sans n\u00e9cessairement s\u2019y limiter, le nom, l\u2019adresse courriel, l\u2019adresse physique, le num\u00e9ro de t\u00e9l\u00e9phone ainsi que d\u2019autres renseignements n\u00e9cessaires au traitement des dons de bienfaisance et \u00e0 la production de re\u00e7us.<\/p>\n<p>2. Utilisation des renseignements\u00a0\u2013 Nous recueillons ces renseignements afin de respecter les lignes directrices pertinentes de l\u2019ARC et de personnaliser nos communications avec vous.<\/p>\n<p>3. Transmission des renseignements\u00a0\u2013 Nous ne transmettrons jamais vos renseignements personnels \u00e0 un tiers sans votre consentement explicite, quelle que soit la raison. Cela dit, nous pouvons transmettre vos renseignements\u00a0:<\/p>\n<p>&#8211; \u00c0 des fournisseurs de services de confiance, dans le but expr\u00e8s de vous fournir des services<br \/>(comme le traitement des paiements ou le service \u00e0 la client\u00e8le);<br \/>&#8211; Dans les cas o\u00f9 la loi l\u2019exige, ou encore pour prot\u00e9ger les droits, la s\u00e9curit\u00e9 ou la propri\u00e9t\u00e9<br \/>de la Fondation Habilitas et de ses utilisateurs.<\/p>\n<p>4. S\u00e9curit\u00e9 des donn\u00e9es \u2013 Nous mettons en \u0153uvre des mesures de s\u00e9curit\u00e9 raisonnables pour prot\u00e9ger vos renseignements contre tout acc\u00e8s, divulgation ou modification non autoris\u00e9s. Cependant, veuillez noter que puisqu\u2019aucune transmission de donn\u00e9es sur Internet n\u2019est exempte de risque, nous ne pouvons garantir la s\u00e9curit\u00e9 absolue de vos donn\u00e9es.<\/p>\n<p>5. Conservation des donn\u00e9es\u00a0\u2013 Vos renseignements personnels ne seront conserv\u00e9s que le temps n\u00e9cessaire \u00e0 la r\u00e9alisation des objectifs d\u00e9crits dans la pr\u00e9sente politique, \u00e0 moins qu\u2019une p\u00e9riode de conservation plus longue ne soit requise ou autoris\u00e9e par la loi.<\/p>\n<p>6. Fichiers t\u00e9moins et technologies similaires\u00a0\u2013 Nous pourrions utiliser des fichiers t\u00e9moins (cookies) ou des technologies similaires pour am\u00e9liorer votre exp\u00e9rience de navigation sur notre site Internet. Vous pouvez g\u00e9rer vos pr\u00e9f\u00e9rences en mati\u00e8re de fichiers t\u00e9moins \u00e0 partir des param\u00e8tres de votre navigateur.<\/p>\n<p>7. Vos choix \u2013 Vous avez le droit de consulter, de corriger, de mettre \u00e0 jour ou de supprimer vos renseignements personnels \u00e0 tout moment. Si vous souhaitez exercer l\u2019un de ces droits, ou si vous avez des questions concernant vos renseignements et donn\u00e9es, veuillez nous \u00e9crire \u00e0 info@habilitas.ca.<\/p>\n<p>8. Modification \u2013 La pr\u00e9sente politique de confidentialit\u00e9 peut \u00eatre modifi\u00e9e suivant l\u2019\u00e9volution de nos pratiques ou pour toute autre raison op\u00e9rationnelle, juridique ou r\u00e9glementaire. Nous vous informerons de toute modification importante via notre site Internet ou d\u2019autres canaux de communication.<\/p>\n<p>En interagissant avec la Fondation Habilitas et en lui transmettant des renseignements, vous consentez aux modalit\u00e9s d\u00e9crites dans la pr\u00e9sente politique de confidentialit\u00e9. Derni\u00e8re modification\u00a0: septembre\u00a02023<\/p>\n<p>[\/et_pb_text][\/et_pb_column][\/et_pb_row][\/et_pb_section]<\/p>\n","protected":false},"excerpt":{"rendered":"<p><div class=\"et_pb_module lwp_divi_breadcrumbs lwp_divi_breadcrumbs_0 hero-breadcrumbs\">\n\t\t\t\t\n\t\t\t\t\n\t\t\t\t\n\t\t\t\t\n\t\t\t\t\n\t\t\t\t\n\t\t\t\t<div class=\"et_pb_module_inner\">\n\t\t\t\t\t<div class=\"lwp-breadcrumbs\"> <span class=\"before\"><\/span> <span vocab=\"https:\/\/schema.org\/\" typeof=\"BreadcrumbList\"><span property=\"itemListElement\" typeof=\"ListItem\"><a property=\"item\" typeof=\"WebPage\" href=\"https:\/\/habilitas.ca\/fr\/\" class=\"home\"><span property=\"name\">Accueil<\/span><\/a><meta property=\"position\" content=\"1\"><\/span> <span class=\"separator et-pb-icon\">&amp;#x39;<\/span> <\/span><\/div>\n\t\t\t\t<\/div>\n\t\t\t<\/div>Politique de Confidentialit\u00e9 &nbsp; La Fondation Habilitas accorde une grande importance \u00e0 votre vie priv\u00e9e et s\u2019engage \u00e0 prot\u00e9ger vos renseignements personnels. La pr\u00e9sente politique d\u00e9crit la fa\u00e7on dont nous recueillons, utilisons et conservons vos donn\u00e9es. Eninteragissant avec notre fondation, vous acceptez les modalit\u00e9s de cette politique. 1. Collecte [&hellip;]<\/p>\n","protected":false},"author":13,"featured_media":0,"parent":0,"menu_order":0,"comment_status":"closed","ping_status":"closed","template":"","meta":{"_et_pb_use_builder":"on","_et_pb_old_content":"","_et_gb_content_width":"","_monsterinsights_skip_tracking":false,"_monsterinsights_sitenote_active":false,"_monsterinsights_sitenote_note":"","_monsterinsights_sitenote_category":0,"footnotes":""},"class_list":["post-242827","page","type-page","status-publish","hentry"],"yoast_head":"<!-- This site is optimized with the Yoast SEO plugin v27.1.1 - https:\/\/yoast.com\/product\/yoast-seo-wordpress\/ -->\n<title>Politique de confidentialit\u00e9 - Fondation Habilitas Foundation<\/title>\n<meta name=\"robots\" content=\"index, follow, max-snippet:-1, max-image-preview:large, max-video-preview:-1\" \/>\n<link rel=\"canonical\" href=\"https:\/\/habilitas.ca\/fr\/politique-de-confidentialite\/\" \/>\n<meta property=\"og:locale\" content=\"fr_FR\" \/>\n<meta property=\"og:type\" content=\"article\" \/>\n<meta property=\"og:title\" content=\"Politique de confidentialit\u00e9 - Fondation Habilitas Foundation\" \/>\n<meta property=\"og:description\" content=\"Politique de Confidentialit\u00e9 &nbsp; La Fondation Habilitas accorde une grande importance \u00e0 votre vie priv\u00e9e et s\u2019engage \u00e0 prot\u00e9ger vos renseignements personnels. La pr\u00e9sente politique d\u00e9crit la fa\u00e7on dont nous recueillons, utilisons et conservons vos donn\u00e9es. Eninteragissant avec notre fondation, vous acceptez les modalit\u00e9s de cette politique. 1. Collecte [&hellip;]\" \/>\n<meta property=\"og:url\" content=\"https:\/\/habilitas.ca\/fr\/politique-de-confidentialite\/\" \/>\n<meta property=\"og:site_name\" content=\"Fondation Habilitas Foundation\" \/>\n<meta property=\"article:publisher\" content=\"https:\/\/www.facebook.com\/HABILITAS.fondation\/\" \/>\n<meta property=\"article:modified_time\" content=\"2024-03-29T18:27:38+00:00\" \/>\n<meta name=\"twitter:card\" content=\"summary_large_image\" \/>\n<meta name=\"twitter:label1\" content=\"Dur\u00e9e de lecture estim\u00e9e\" \/>\n\t<meta name=\"twitter:data1\" content=\"2 minutes\" \/>\n<script type=\"application\/ld+json\" class=\"yoast-schema-graph\">{\"@context\":\"https:\/\/schema.org\",\"@graph\":[{\"@type\":\"WebPage\",\"@id\":\"https:\/\/habilitas.ca\/fr\/politique-de-confidentialite\/\",\"url\":\"https:\/\/habilitas.ca\/fr\/politique-de-confidentialite\/\",\"name\":\"Politique de confidentialit\u00e9 - Fondation Habilitas Foundation\",\"isPartOf\":{\"@id\":\"https:\/\/habilitas.ca\/#website\"},\"datePublished\":\"2024-03-13T18:55:26+00:00\",\"dateModified\":\"2024-03-29T18:27:38+00:00\",\"breadcrumb\":{\"@id\":\"https:\/\/habilitas.ca\/fr\/politique-de-confidentialite\/#breadcrumb\"},\"inLanguage\":\"fr-FR\",\"potentialAction\":[{\"@type\":\"ReadAction\",\"target\":[\"https:\/\/habilitas.ca\/fr\/politique-de-confidentialite\/\"]}]},{\"@type\":\"BreadcrumbList\",\"@id\":\"https:\/\/habilitas.ca\/fr\/politique-de-confidentialite\/#breadcrumb\",\"itemListElement\":[{\"@type\":\"ListItem\",\"position\":1,\"name\":\"Home\",\"item\":\"https:\/\/habilitas.ca\/fr\/\"},{\"@type\":\"ListItem\",\"position\":2,\"name\":\"Politique de confidentialit\u00e9\"}]},{\"@type\":\"WebSite\",\"@id\":\"https:\/\/habilitas.ca\/#website\",\"url\":\"https:\/\/habilitas.ca\/\",\"name\":\"Habilitas\",\"description\":\"\",\"potentialAction\":[{\"@type\":\"SearchAction\",\"target\":{\"@type\":\"EntryPoint\",\"urlTemplate\":\"https:\/\/habilitas.ca\/?s={search_term_string}\"},\"query-input\":{\"@type\":\"PropertyValueSpecification\",\"valueRequired\":true,\"valueName\":\"search_term_string\"}}],\"inLanguage\":\"fr-FR\"}]}<\/script>\n<!-- \/ Yoast SEO plugin. -->","yoast_head_json":{"title":"Politique de confidentialit\u00e9 - Fondation Habilitas Foundation","robots":{"index":"index","follow":"follow","max-snippet":"max-snippet:-1","max-image-preview":"max-image-preview:large","max-video-preview":"max-video-preview:-1"},"canonical":"https:\/\/habilitas.ca\/fr\/politique-de-confidentialite\/","og_locale":"fr_FR","og_type":"article","og_title":"Politique de confidentialit\u00e9 - Fondation Habilitas Foundation","og_description":"Politique de Confidentialit\u00e9 &nbsp; La Fondation Habilitas accorde une grande importance \u00e0 votre vie priv\u00e9e et s\u2019engage \u00e0 prot\u00e9ger vos renseignements personnels. La pr\u00e9sente politique d\u00e9crit la fa\u00e7on dont nous recueillons, utilisons et conservons vos donn\u00e9es. Eninteragissant avec notre fondation, vous acceptez les modalit\u00e9s de cette politique. 1. Collecte [&hellip;]","og_url":"https:\/\/habilitas.ca\/fr\/politique-de-confidentialite\/","og_site_name":"Fondation Habilitas Foundation","article_publisher":"https:\/\/www.facebook.com\/HABILITAS.fondation\/","article_modified_time":"2024-03-29T18:27:38+00:00","twitter_card":"summary_large_image","twitter_misc":{"Dur\u00e9e de lecture estim\u00e9e":"2 minutes"},"schema":{"@context":"https:\/\/schema.org","@graph":[{"@type":"WebPage","@id":"https:\/\/habilitas.ca\/fr\/politique-de-confidentialite\/","url":"https:\/\/habilitas.ca\/fr\/politique-de-confidentialite\/","name":"Politique de confidentialit\u00e9 - Fondation Habilitas Foundation","isPartOf":{"@id":"https:\/\/habilitas.ca\/#website"},"datePublished":"2024-03-13T18:55:26+00:00","dateModified":"2024-03-29T18:27:38+00:00","breadcrumb":{"@id":"https:\/\/habilitas.ca\/fr\/politique-de-confidentialite\/#breadcrumb"},"inLanguage":"fr-FR","potentialAction":[{"@type":"ReadAction","target":["https:\/\/habilitas.ca\/fr\/politique-de-confidentialite\/"]}]},{"@type":"BreadcrumbList","@id":"https:\/\/habilitas.ca\/fr\/politique-de-confidentialite\/#breadcrumb","itemListElement":[{"@type":"ListItem","position":1,"name":"Home","item":"https:\/\/habilitas.ca\/fr\/"},{"@type":"ListItem","position":2,"name":"Politique de confidentialit\u00e9"}]},{"@type":"WebSite","@id":"https:\/\/habilitas.ca\/#website","url":"https:\/\/habilitas.ca\/","name":"Habilitas","description":"","potentialAction":[{"@type":"SearchAction","target":{"@type":"EntryPoint","urlTemplate":"https:\/\/habilitas.ca\/?s={search_term_string}"},"query-input":{"@type":"PropertyValueSpecification","valueRequired":true,"valueName":"search_term_string"}}],"inLanguage":"fr-FR"}]}},"_links":{"self":[{"href":"https:\/\/habilitas.ca\/fr\/wp-json\/wp\/v2\/pages\/242827","targetHints":{"allow":["GET"]}}],"collection":[{"href":"https:\/\/habilitas.ca\/fr\/wp-json\/wp\/v2\/pages"}],"about":[{"href":"https:\/\/habilitas.ca\/fr\/wp-json\/wp\/v2\/types\/page"}],"author":[{"embeddable":true,"href":"https:\/\/habilitas.ca\/fr\/wp-json\/wp\/v2\/users\/13"}],"replies":[{"embeddable":true,"href":"https:\/\/habilitas.ca\/fr\/wp-json\/wp\/v2\/comments?post=242827"}],"version-history":[{"count":3,"href":"https:\/\/habilitas.ca\/fr\/wp-json\/wp\/v2\/pages\/242827\/revisions"}],"predecessor-version":[{"id":243740,"href":"https:\/\/habilitas.ca\/fr\/wp-json\/wp\/v2\/pages\/242827\/revisions\/243740"}],"wp:attachment":[{"href":"https:\/\/habilitas.ca\/fr\/wp-json\/wp\/v2\/media?parent=242827"}],"curies":[{"name":"wp","href":"https:\/\/api.w.org\/{rel}","templated":true}]}}