{"id":242797,"date":"2024-03-13T18:19:32","date_gmt":"2024-03-13T23:19:32","guid":{"rendered":"https:\/\/habilitas.ca\/dev-client-stories\/"},"modified":"2025-11-14T09:27:41","modified_gmt":"2025-11-14T14:27:41","slug":"histoires-de-client%c2%b7e%c2%b7s","status":"publish","type":"page","link":"https:\/\/habilitas.ca\/fr\/impact\/histoires-de-client%c2%b7e%c2%b7s\/","title":{"rendered":"T\u00e9moignages"},"content":{"rendered":"<p>[et_pb_section fb_built=\u00a0\u00bb1&Prime; _builder_version=\u00a0\u00bb4.20.2&Prime; _module_preset=\u00a0\u00bbdefault\u00a0\u00bb custom_padding=\u00a0\u00bb0px||30px||false|false\u00a0\u00bb da_disable_devices=\u00a0\u00bboff|off|off\u00a0\u00bb border_color_top=\u00a0\u00bbgcid-92f05947-cf85-4c2c-beec-151109507f2c\u00a0\u00bb border_width_bottom=\u00a0\u00bb1px\u00a0\u00bb border_color_bottom=\u00a0\u00bb#00AB89&Prime; saved_tabs=\u00a0\u00bball\u00a0\u00bb locked=\u00a0\u00bboff\u00a0\u00bb collapsed=\u00a0\u00bboff\u00a0\u00bb global_colors_info=\u00a0\u00bb{%22gcid-92f05947-cf85-4c2c-beec-151109507f2c%22:%91%22border_color_top%22%93}\u00a0\u00bb da_is_popup=\u00a0\u00bboff\u00a0\u00bb da_exit_intent=\u00a0\u00bboff\u00a0\u00bb da_has_close=\u00a0\u00bbon\u00a0\u00bb da_alt_close=\u00a0\u00bboff\u00a0\u00bb da_dark_close=\u00a0\u00bboff\u00a0\u00bb da_not_modal=\u00a0\u00bbon\u00a0\u00bb da_is_singular=\u00a0\u00bboff\u00a0\u00bb da_with_loader=\u00a0\u00bboff\u00a0\u00bb da_has_shadow=\u00a0\u00bbon\u00a0\u00bb][et_pb_row admin_label=\u00a0\u00bbBreadcrumb Blue\u00a0\u00bb _builder_version=\u00a0\u00bb4.20.2&Prime; _module_preset=\u00a0\u00bbdefault\u00a0\u00bb custom_padding=\u00a0\u00bb30px||0px||false|false\u00a0\u00bb border_width_top=\u00a0\u00bb1px\u00a0\u00bb border_color_top=\u00a0\u00bb#00AB89&Prime; global_colors_info=\u00a0\u00bb{}\u00a0\u00bb][et_pb_column type=\u00a0\u00bb4_4&Prime; _builder_version=\u00a0\u00bb4.19.5&Prime; _module_preset=\u00a0\u00bbdefault\u00a0\u00bb global_colors_info=\u00a0\u00bb{}\u00a0\u00bb][lwp_divi_breadcrumbs home_text=\u00a0\u00bbAccueil\u00a0\u00bb module_class=\u00a0\u00bbhero-breadcrumbs\u00a0\u00bb _builder_version=\u00a0\u00bb4.27.4&Prime; _module_preset=\u00a0\u00bbdefault\u00a0\u00bb global_colors_info=\u00a0\u00bb{}\u00a0\u00bb][\/lwp_divi_breadcrumbs][\/et_pb_column][\/et_pb_row][\/et_pb_section][et_pb_section fb_built=\u00a0\u00bb1&Prime; _builder_version=\u00a0\u00bb4.20.2&Prime; _module_preset=\u00a0\u00bbdefault\u00a0\u00bb da_disable_devices=\u00a0\u00bboff|off|off\u00a0\u00bb locked=\u00a0\u00bboff\u00a0\u00bb global_colors_info=\u00a0\u00bb{}\u00a0\u00bb da_is_popup=\u00a0\u00bboff\u00a0\u00bb da_exit_intent=\u00a0\u00bboff\u00a0\u00bb da_has_close=\u00a0\u00bbon\u00a0\u00bb da_alt_close=\u00a0\u00bboff\u00a0\u00bb da_dark_close=\u00a0\u00bboff\u00a0\u00bb da_not_modal=\u00a0\u00bbon\u00a0\u00bb da_is_singular=\u00a0\u00bboff\u00a0\u00bb da_with_loader=\u00a0\u00bboff\u00a0\u00bb da_has_shadow=\u00a0\u00bbon\u00a0\u00bb][et_pb_row column_structure=\u00a0\u00bb1_2,1_2&Prime; _builder_version=\u00a0\u00bb4.23&Prime; _module_preset=\u00a0\u00bbdefault\u00a0\u00bb global_colors_info=\u00a0\u00bb{}\u00a0\u00bb][et_pb_column type=\u00a0\u00bb1_2&Prime; module_class=\u00a0\u00bbtop-text-col\u00a0\u00bb _builder_version=\u00a0\u00bb4.23&Prime; _module_preset=\u00a0\u00bbdefault\u00a0\u00bb global_colors_info=\u00a0\u00bb{}\u00a0\u00bb custom_css_main_element_last_edited=\u00a0\u00bbon|tablet\u00a0\u00bb custom_css_main_element_tablet=\u00a0\u00bbmargin-bottom:0px !important;\u00a0\u00bb custom_css_main_element_phone=\u00a0\u00bbmargin-bottom:0px !important;\u00a0\u00bb][et_pb_text _builder_version=\u00a0\u00bb4.23.1&Prime; _module_preset=\u00a0\u00bbdefault\u00a0\u00bb header_text_align=\u00a0\u00bbleft\u00a0\u00bb header_text_color=\u00a0\u00bb#00AB89&Prime; header_font_size=\u00a0\u00bb50px\u00a0\u00bb header_line_height=\u00a0\u00bb1.23em\u00a0\u00bb header_2_font=\u00a0\u00bb||||||||\u00a0\u00bb header_2_text_align=\u00a0\u00bbcenter\u00a0\u00bb header_2_text_color=\u00a0\u00bbgcid-0708f263-6ef8-4dc4-904c-0d130965d684&Prime; header_2_font_size=\u00a0\u00bb66px\u00a0\u00bb header_3_text_align=\u00a0\u00bbleft\u00a0\u00bb header_3_font_size=\u00a0\u00bb30px\u00a0\u00bb max_width=\u00a0\u00bb1080px\u00a0\u00bb module_alignment=\u00a0\u00bbcenter\u00a0\u00bb custom_margin=\u00a0\u00bb||0px||false|false\u00a0\u00bb header_text_align_tablet=\u00a0\u00bbcenter\u00a0\u00bb header_text_align_phone=\u00a0\u00bbcenter\u00a0\u00bb header_text_align_last_edited=\u00a0\u00bbon|tablet\u00a0\u00bb header_font_size_tablet=\u00a0\u00bb50px\u00a0\u00bb header_font_size_phone=\u00a0\u00bb36px\u00a0\u00bb header_font_size_last_edited=\u00a0\u00bbon|phone\u00a0\u00bb header_2_font_size_tablet=\u00a0\u00bb44px\u00a0\u00bb header_2_font_size_phone=\u00a0\u00bb30px\u00a0\u00bb header_2_font_size_last_edited=\u00a0\u00bbon|phone\u00a0\u00bb header_3_text_align_tablet=\u00a0\u00bbcenter\u00a0\u00bb header_3_text_align_phone=\u00a0\u00bbcenter\u00a0\u00bb header_3_text_align_last_edited=\u00a0\u00bbon|tablet\u00a0\u00bb header_3_font_size_tablet=\u00a0\u00bb30px\u00a0\u00bb header_3_font_size_phone=\u00a0\u00bb26px\u00a0\u00bb header_3_font_size_last_edited=\u00a0\u00bbon|phone\u00a0\u00bb text_orientation_tablet=\u00a0\u00bbcenter\u00a0\u00bb text_orientation_phone=\u00a0\u00bbcenter\u00a0\u00bb text_orientation_last_edited=\u00a0\u00bbon|tablet\u00a0\u00bb locked=\u00a0\u00bboff\u00a0\u00bb global_colors_info=\u00a0\u00bb{%22gcid-0708f263-6ef8-4dc4-904c-0d130965d684%22:%91%22header_2_text_color%22%93}\u00a0\u00bb]<\/p>\n<h1>T\u00e9moignages<\/h1>\n<p>[\/et_pb_text][et_pb_button button_url=\u00a0\u00bbhttps:\/\/habilitas.ca\/fr\/impact\/histoires-de-client%c2%b7e%c2%b7s\/partagez-votre-histoire\/\u00a0\u00bb button_text=\u00a0\u00bbPartagez votre histoire\u00a0\u00bb button_alignment_tablet=\u00a0\u00bbcenter\u00a0\u00bb button_alignment_phone=\u00a0\u00bbcenter\u00a0\u00bb button_alignment_last_edited=\u00a0\u00bbon|tablet\u00a0\u00bb disabled_on=\u00a0\u00bbon|on|on\u00a0\u00bb _builder_version=\u00a0\u00bb4.27.4&Prime; _module_preset=\u00a0\u00bbdefault\u00a0\u00bb custom_margin=\u00a0\u00bb30px||||false|false\u00a0\u00bb disabled=\u00a0\u00bbon\u00a0\u00bb global_colors_info=\u00a0\u00bb{}\u00a0\u00bb][\/et_pb_button][\/et_pb_column][et_pb_column type=\u00a0\u00bb1_2&Prime; _builder_version=\u00a0\u00bb4.19.5&Prime; _module_preset=\u00a0\u00bbdefault\u00a0\u00bb global_colors_info=\u00a0\u00bb{}\u00a0\u00bb][et_pb_text _builder_version=\u00a0\u00bb4.27.4&Prime; _module_preset=\u00a0\u00bbdefault\u00a0\u00bb text_font=\u00a0\u00bb||||||||\u00a0\u00bb header_2_font_size=\u00a0\u00bb48px\u00a0\u00bb header_3_text_align=\u00a0\u00bbleft\u00a0\u00bb header_3_font_size=\u00a0\u00bb30px\u00a0\u00bb custom_margin_tablet=\u00a0\u00bb||0px||false|false\u00a0\u00bb custom_margin_phone=\u00a0\u00bb||0px||false|false\u00a0\u00bb custom_margin_last_edited=\u00a0\u00bbon|tablet\u00a0\u00bb hover_enabled=\u00a0\u00bb0&Prime; header_3_text_align_tablet=\u00a0\u00bbcenter\u00a0\u00bb header_3_text_align_phone=\u00a0\u00bbcenter\u00a0\u00bb header_3_text_align_last_edited=\u00a0\u00bbon|tablet\u00a0\u00bb header_3_font_size_tablet=\u00a0\u00bb30px\u00a0\u00bb header_3_font_size_phone=\u00a0\u00bb26px\u00a0\u00bb header_3_font_size_last_edited=\u00a0\u00bbon|phone\u00a0\u00bb text_orientation_tablet=\u00a0\u00bbcenter\u00a0\u00bb text_orientation_phone=\u00a0\u00bbleft\u00a0\u00bb text_orientation_last_edited=\u00a0\u00bbon|tablet\u00a0\u00bb locked=\u00a0\u00bboff\u00a0\u00bb global_colors_info=\u00a0\u00bb{}\u00a0\u00bb sticky_enabled=\u00a0\u00bb0&Prime;]<\/p>\n<p>Nous visons un monde o\u00f9 l&rsquo;\u00e9quit\u00e9, l&rsquo;acc\u00e8s et l&rsquo;inclusion sont renforc\u00e9s, mais c&rsquo;est pour les personnes dont nous touchons la vie que nous travaillons.<\/p>\n<p>Les r\u00e9cits ci-dessous vous am\u00e8nent \u00e0 la rencontre des personnes et des familles dont la vie a \u00e9t\u00e9 transform\u00e9e par le d\u00e9vouement de nos partenaires. D\u00e9couvrez comment le soutien de nos donateurs et donatrices leur a permis d\u2019avancer et de s\u2019\u00e9panouir.<\/p>\n<p>[\/et_pb_text][\/et_pb_column][\/et_pb_row][\/et_pb_section][et_pb_section fb_built=\u00a0\u00bb1&Prime; custom_padding_last_edited=\u00a0\u00bbon|desktop\u00a0\u00bb disabled_on=\u00a0\u00bbon|on|on\u00a0\u00bb _builder_version=\u00a0\u00bb4.27.4&Prime; _module_preset=\u00a0\u00bbdefault\u00a0\u00bb custom_margin=\u00a0\u00bb0px||0px||false|false\u00a0\u00bb custom_padding=\u00a0\u00bb0px||0px||false|false\u00a0\u00bb custom_padding_tablet=\u00a0\u00bb0px||0px||false|false\u00a0\u00bb custom_padding_phone=\u00a0\u00bb0px||0px||false|false\u00a0\u00bb da_disable_devices=\u00a0\u00bboff|off|off\u00a0\u00bb disabled=\u00a0\u00bbon\u00a0\u00bb global_colors_info=\u00a0\u00bb{}\u00a0\u00bb da_is_popup=\u00a0\u00bboff\u00a0\u00bb da_exit_intent=\u00a0\u00bboff\u00a0\u00bb da_has_close=\u00a0\u00bbon\u00a0\u00bb da_alt_close=\u00a0\u00bboff\u00a0\u00bb da_dark_close=\u00a0\u00bboff\u00a0\u00bb da_not_modal=\u00a0\u00bbon\u00a0\u00bb da_is_singular=\u00a0\u00bboff\u00a0\u00bb da_with_loader=\u00a0\u00bboff\u00a0\u00bb da_has_shadow=\u00a0\u00bbon\u00a0\u00bb][et_pb_row custom_padding_last_edited=\u00a0\u00bbon|desktop\u00a0\u00bb _builder_version=\u00a0\u00bb4.23&Prime; _module_preset=\u00a0\u00bbdefault\u00a0\u00bb custom_margin=\u00a0\u00bb||0px||false|false\u00a0\u00bb custom_padding=\u00a0\u00bb||0px||false|false\u00a0\u00bb custom_padding_tablet=\u00a0\u00bb||0px||false|false\u00a0\u00bb custom_padding_phone=\u00a0\u00bb||0px||false|false\u00a0\u00bb global_colors_info=\u00a0\u00bb{}\u00a0\u00bb][et_pb_column type=\u00a0\u00bb4_4&Prime; _builder_version=\u00a0\u00bb4.22.1&Prime; _module_preset=\u00a0\u00bbdefault\u00a0\u00bb global_colors_info=\u00a0\u00bb{}\u00a0\u00bb][et_pb_image src=\u00a0\u00bbhttps:\/\/habilitas.ca\/wp-content\/uploads\/2024\/03\/client-sotries-habilitas.jpg\u00a0\u00bb title_text=\u00a0\u00bbclient sotries habilitas\u00a0\u00bb show_bottom_space=\u00a0\u00bboff\u00a0\u00bb disabled_on=\u00a0\u00bbon|on|on\u00a0\u00bb _builder_version=\u00a0\u00bb4.23&Prime; _module_preset=\u00a0\u00bbdefault\u00a0\u00bb disabled=\u00a0\u00bbon\u00a0\u00bb global_colors_info=\u00a0\u00bb{}\u00a0\u00bb][\/et_pb_image][et_pb_button button_url=\u00a0\u00bbhttps:\/\/habilitas.sparrow-dev.com\/impact\/stories\/share-your-story\/\u00a0\u00bb button_text=\u00a0\u00bbShare Your Story\u00a0\u00bb button_alignment_tablet=\u00a0\u00bbcenter\u00a0\u00bb button_alignment_phone=\u00a0\u00bbcenter\u00a0\u00bb button_alignment_last_edited=\u00a0\u00bbon|tablet\u00a0\u00bb disabled_on=\u00a0\u00bboff|off|on\u00a0\u00bb _builder_version=\u00a0\u00bb4.23&Prime; _module_preset=\u00a0\u00bbdefault\u00a0\u00bb custom_margin=\u00a0\u00bb30px||30px||false|false\u00a0\u00bb custom_padding=\u00a0\u00bb||||false|false\u00a0\u00bb locked=\u00a0\u00bboff\u00a0\u00bb global_colors_info=\u00a0\u00bb{}\u00a0\u00bb][\/et_pb_button][\/et_pb_column][\/et_pb_row][\/et_pb_section][et_pb_section fb_built=\u00a0\u00bb1&Prime; custom_padding_last_edited=\u00a0\u00bbon|tablet\u00a0\u00bb disabled_on=\u00a0\u00bboff|off|off\u00a0\u00bb _builder_version=\u00a0\u00bb4.23&Prime; _module_preset=\u00a0\u00bbdefault\u00a0\u00bb custom_padding=\u00a0\u00bb||90px||false|false\u00a0\u00bb custom_padding_tablet=\u00a0\u00bb0px||50px||false|false\u00a0\u00bb custom_padding_phone=\u00a0\u00bb0px||50px||false|false\u00a0\u00bb da_disable_devices=\u00a0\u00bboff|off|off\u00a0\u00bb global_colors_info=\u00a0\u00bb{}\u00a0\u00bb da_is_popup=\u00a0\u00bboff\u00a0\u00bb da_exit_intent=\u00a0\u00bboff\u00a0\u00bb da_has_close=\u00a0\u00bbon\u00a0\u00bb da_alt_close=\u00a0\u00bboff\u00a0\u00bb da_dark_close=\u00a0\u00bboff\u00a0\u00bb da_not_modal=\u00a0\u00bbon\u00a0\u00bb da_is_singular=\u00a0\u00bboff\u00a0\u00bb da_with_loader=\u00a0\u00bboff\u00a0\u00bb da_has_shadow=\u00a0\u00bbon\u00a0\u00bb][et_pb_row _builder_version=\u00a0\u00bb4.19.5&Prime; _module_preset=\u00a0\u00bbdefault\u00a0\u00bb global_colors_info=\u00a0\u00bb{}\u00a0\u00bb][et_pb_column type=\u00a0\u00bb4_4&Prime; _builder_version=\u00a0\u00bb4.19.5&Prime; _module_preset=\u00a0\u00bbdefault\u00a0\u00bb global_colors_info=\u00a0\u00bb{}\u00a0\u00bb][et_pb_blog posts_number=\u00a0\u00bb8&Prime; include_categories=\u00a0\u00bb13&Prime; excerpt_length=\u00a0\u00bb180&Prime; show_more=\u00a0\u00bbon\u00a0\u00bb show_author=\u00a0\u00bboff\u00a0\u00bb show_date=\u00a0\u00bboff\u00a0\u00bb show_categories=\u00a0\u00bboff\u00a0\u00bb module_class=\u00a0\u00bbclient-stories-grid\u00a0\u00bb _builder_version=\u00a0\u00bb4.24.2&Prime; _module_preset=\u00a0\u00bbdefault\u00a0\u00bb header_font_size=\u00a0\u00bb26px\u00a0\u00bb header_line_height=\u00a0\u00bb1.23em\u00a0\u00bb body_text_color=\u00a0\u00bb#494949&Prime; read_more_text_color=\u00a0\u00bbgcid-0708f263-6ef8-4dc4-904c-0d130965d684&Prime; header_text_align_tablet=\u00a0\u00bb\u00a0\u00bb header_text_align_phone=\u00a0\u00bbleft\u00a0\u00bb header_text_align_last_edited=\u00a0\u00bbon|phone\u00a0\u00bb header_font_size_tablet=\u00a0\u00bb24px\u00a0\u00bb header_font_size_phone=\u00a0\u00bb24px\u00a0\u00bb header_font_size_last_edited=\u00a0\u00bbon|tablet\u00a0\u00bb header_line_height_tablet=\u00a0\u00bb1.23em\u00a0\u00bb header_line_height_phone=\u00a0\u00bb1.23em\u00a0\u00bb header_line_height_last_edited=\u00a0\u00bbon|phone\u00a0\u00bb body_text_align_tablet=\u00a0\u00bb\u00a0\u00bb body_text_align_phone=\u00a0\u00bbleft\u00a0\u00bb body_text_align_last_edited=\u00a0\u00bbon|phone\u00a0\u00bb text_orientation_tablet=\u00a0\u00bbcenter\u00a0\u00bb text_orientation_phone=\u00a0\u00bbcenter\u00a0\u00bb text_orientation_last_edited=\u00a0\u00bbon|tablet\u00a0\u00bb global_colors_info=\u00a0\u00bb{%22gcid-0708f263-6ef8-4dc4-904c-0d130965d684%22:%91%22read_more_text_color%22%93,%22gcid-a2fdc6c8-8c4f-421a-9f96-6e4802ee0fc9%22:%91%22read_more_text_color__hover%22%93}\u00a0\u00bb read_more_text_color__hover_enabled=\u00a0\u00bbon|hover\u00a0\u00bb read_more_text_color__hover=\u00a0\u00bb#313175&Prime;][\/et_pb_blog][et_pb_code disabled_on=\u00a0\u00bbon|on|on\u00a0\u00bb _builder_version=\u00a0\u00bb4.20.2&Prime; _module_preset=\u00a0\u00bbdefault\u00a0\u00bb disabled=\u00a0\u00bbon\u00a0\u00bb global_colors_info=\u00a0\u00bb{}\u00a0\u00bb]<script><!-- [et_pb_line_break_holder] -->\tjQuery(document).on('ready ajaxComplete', function () {<!-- [et_pb_line_break_holder] -->\t\t\/\/Replace read more link text<!-- [et_pb_line_break_holder] -->\t\tjQuery(\".et_pb_post a.more-link\").html(function () {<!-- [et_pb_line_break_holder] -->\t\t\treturn jQuery(this).html().replace('read more', 'Read The Story');<!-- [et_pb_line_break_holder] -->\t\t});<!-- [et_pb_line_break_holder] -->\t}); <!-- [et_pb_line_break_holder] --><\/script>[\/et_pb_code][\/et_pb_column][\/et_pb_row][\/et_pb_section]<\/p>\n","protected":false},"excerpt":{"rendered":"<p><div class=\"et_pb_module lwp_divi_breadcrumbs lwp_divi_breadcrumbs_0 hero-breadcrumbs\">\n\t\t\t\t\n\t\t\t\t\n\t\t\t\t\n\t\t\t\t\n\t\t\t\t\n\t\t\t\t\n\t\t\t\t<div class=\"et_pb_module_inner\">\n\t\t\t\t\t<div class=\"lwp-breadcrumbs\"> <span class=\"before\"><\/span> <span vocab=\"https:\/\/schema.org\/\" typeof=\"BreadcrumbList\"><span property=\"itemListElement\" typeof=\"ListItem\"><a property=\"item\" typeof=\"WebPage\" href=\"https:\/\/habilitas.ca\/fr\/\" class=\"home\"><span property=\"name\">Accueil<\/span><\/a><meta property=\"position\" content=\"1\"><\/span> <span class=\"separator et-pb-icon\">&amp;#x39;<\/span> <\/span><\/div>\n\t\t\t\t<\/div>\n\t\t\t<\/div>T\u00e9moignagesNous visons un monde o\u00f9 l&rsquo;\u00e9quit\u00e9, l&rsquo;acc\u00e8s et l&rsquo;inclusion sont renforc\u00e9s, mais c&rsquo;est pour les personnes dont nous touchons la vie que nous travaillons. Les r\u00e9cits ci-dessous vous am\u00e8nent \u00e0 la rencontre des personnes et des familles dont la vie a \u00e9t\u00e9 transform\u00e9e par le d\u00e9vouement de nos partenaires. D\u00e9couvrez [&hellip;]<\/p>\n","protected":false},"author":13,"featured_media":0,"parent":242970,"menu_order":0,"comment_status":"closed","ping_status":"closed","template":"","meta":{"_et_pb_use_builder":"on","_et_pb_old_content":"","_et_gb_content_width":"","_monsterinsights_skip_tracking":false,"_monsterinsights_sitenote_active":false,"_monsterinsights_sitenote_note":"","_monsterinsights_sitenote_category":0,"footnotes":""},"class_list":["post-242797","page","type-page","status-publish","hentry"],"yoast_head":"<!-- This site is optimized with the Yoast SEO plugin v27.1.1 - https:\/\/yoast.com\/product\/yoast-seo-wordpress\/ -->\n<title>T\u00e9moignages - Fondation Habilitas Foundation<\/title>\n<meta name=\"robots\" content=\"index, follow, max-snippet:-1, max-image-preview:large, max-video-preview:-1\" \/>\n<link rel=\"canonical\" href=\"https:\/\/habilitas.ca\/fr\/impact\/histoires-de-client\u00b7e\u00b7s\/\" \/>\n<meta property=\"og:locale\" content=\"fr_FR\" \/>\n<meta property=\"og:type\" content=\"article\" \/>\n<meta property=\"og:title\" content=\"T\u00e9moignages - Fondation Habilitas Foundation\" \/>\n<meta property=\"og:description\" content=\"T\u00e9moignagesNous visons un monde o\u00f9 l&#039;\u00e9quit\u00e9, l&#039;acc\u00e8s et l&#039;inclusion sont renforc\u00e9s, mais c&#039;est pour les personnes dont nous touchons la vie que nous travaillons. Les r\u00e9cits ci-dessous vous am\u00e8nent \u00e0 la rencontre des personnes et des familles dont la vie a \u00e9t\u00e9 transform\u00e9e par le d\u00e9vouement de nos partenaires. D\u00e9couvrez [&hellip;]\" \/>\n<meta property=\"og:url\" content=\"https:\/\/habilitas.ca\/fr\/impact\/histoires-de-client\u00b7e\u00b7s\/\" \/>\n<meta property=\"og:site_name\" content=\"Fondation Habilitas Foundation\" \/>\n<meta property=\"article:publisher\" content=\"https:\/\/www.facebook.com\/HABILITAS.fondation\/\" \/>\n<meta property=\"article:modified_time\" content=\"2025-11-14T14:27:41+00:00\" \/>\n<meta name=\"twitter:card\" content=\"summary_large_image\" \/>\n<meta name=\"twitter:label1\" content=\"Dur\u00e9e de lecture estim\u00e9e\" \/>\n\t<meta name=\"twitter:data1\" content=\"4 minutes\" \/>\n<script type=\"application\/ld+json\" class=\"yoast-schema-graph\">{\"@context\":\"https:\/\/schema.org\",\"@graph\":[{\"@type\":\"WebPage\",\"@id\":\"https:\/\/habilitas.ca\/fr\/impact\/histoires-de-client%c2%b7e%c2%b7s\/\",\"url\":\"https:\/\/habilitas.ca\/fr\/impact\/histoires-de-client%c2%b7e%c2%b7s\/\",\"name\":\"T\u00e9moignages - Fondation Habilitas Foundation\",\"isPartOf\":{\"@id\":\"https:\/\/habilitas.ca\/#website\"},\"datePublished\":\"2024-03-13T23:19:32+00:00\",\"dateModified\":\"2025-11-14T14:27:41+00:00\",\"breadcrumb\":{\"@id\":\"https:\/\/habilitas.ca\/fr\/impact\/histoires-de-client%c2%b7e%c2%b7s\/#breadcrumb\"},\"inLanguage\":\"fr-FR\",\"potentialAction\":[{\"@type\":\"ReadAction\",\"target\":[\"https:\/\/habilitas.ca\/fr\/impact\/histoires-de-client%c2%b7e%c2%b7s\/\"]}]},{\"@type\":\"BreadcrumbList\",\"@id\":\"https:\/\/habilitas.ca\/fr\/impact\/histoires-de-client%c2%b7e%c2%b7s\/#breadcrumb\",\"itemListElement\":[{\"@type\":\"ListItem\",\"position\":1,\"name\":\"Home\",\"item\":\"https:\/\/habilitas.ca\/fr\/\"},{\"@type\":\"ListItem\",\"position\":2,\"name\":\"Impact\",\"item\":\"https:\/\/habilitas.ca\/fr\/impact\/\"},{\"@type\":\"ListItem\",\"position\":3,\"name\":\"T\u00e9moignages\"}]},{\"@type\":\"WebSite\",\"@id\":\"https:\/\/habilitas.ca\/#website\",\"url\":\"https:\/\/habilitas.ca\/\",\"name\":\"Habilitas\",\"description\":\"\",\"potentialAction\":[{\"@type\":\"SearchAction\",\"target\":{\"@type\":\"EntryPoint\",\"urlTemplate\":\"https:\/\/habilitas.ca\/?s={search_term_string}\"},\"query-input\":{\"@type\":\"PropertyValueSpecification\",\"valueRequired\":true,\"valueName\":\"search_term_string\"}}],\"inLanguage\":\"fr-FR\"}]}<\/script>\n<!-- \/ Yoast SEO plugin. -->","yoast_head_json":{"title":"T\u00e9moignages - Fondation Habilitas Foundation","robots":{"index":"index","follow":"follow","max-snippet":"max-snippet:-1","max-image-preview":"max-image-preview:large","max-video-preview":"max-video-preview:-1"},"canonical":"https:\/\/habilitas.ca\/fr\/impact\/histoires-de-client\u00b7e\u00b7s\/","og_locale":"fr_FR","og_type":"article","og_title":"T\u00e9moignages - Fondation Habilitas Foundation","og_description":"T\u00e9moignagesNous visons un monde o\u00f9 l'\u00e9quit\u00e9, l'acc\u00e8s et l'inclusion sont renforc\u00e9s, mais c'est pour les personnes dont nous touchons la vie que nous travaillons. Les r\u00e9cits ci-dessous vous am\u00e8nent \u00e0 la rencontre des personnes et des familles dont la vie a \u00e9t\u00e9 transform\u00e9e par le d\u00e9vouement de nos partenaires. D\u00e9couvrez [&hellip;]","og_url":"https:\/\/habilitas.ca\/fr\/impact\/histoires-de-client\u00b7e\u00b7s\/","og_site_name":"Fondation Habilitas Foundation","article_publisher":"https:\/\/www.facebook.com\/HABILITAS.fondation\/","article_modified_time":"2025-11-14T14:27:41+00:00","twitter_card":"summary_large_image","twitter_misc":{"Dur\u00e9e de lecture estim\u00e9e":"4 minutes"},"schema":{"@context":"https:\/\/schema.org","@graph":[{"@type":"WebPage","@id":"https:\/\/habilitas.ca\/fr\/impact\/histoires-de-client%c2%b7e%c2%b7s\/","url":"https:\/\/habilitas.ca\/fr\/impact\/histoires-de-client%c2%b7e%c2%b7s\/","name":"T\u00e9moignages - Fondation Habilitas Foundation","isPartOf":{"@id":"https:\/\/habilitas.ca\/#website"},"datePublished":"2024-03-13T23:19:32+00:00","dateModified":"2025-11-14T14:27:41+00:00","breadcrumb":{"@id":"https:\/\/habilitas.ca\/fr\/impact\/histoires-de-client%c2%b7e%c2%b7s\/#breadcrumb"},"inLanguage":"fr-FR","potentialAction":[{"@type":"ReadAction","target":["https:\/\/habilitas.ca\/fr\/impact\/histoires-de-client%c2%b7e%c2%b7s\/"]}]},{"@type":"BreadcrumbList","@id":"https:\/\/habilitas.ca\/fr\/impact\/histoires-de-client%c2%b7e%c2%b7s\/#breadcrumb","itemListElement":[{"@type":"ListItem","position":1,"name":"Home","item":"https:\/\/habilitas.ca\/fr\/"},{"@type":"ListItem","position":2,"name":"Impact","item":"https:\/\/habilitas.ca\/fr\/impact\/"},{"@type":"ListItem","position":3,"name":"T\u00e9moignages"}]},{"@type":"WebSite","@id":"https:\/\/habilitas.ca\/#website","url":"https:\/\/habilitas.ca\/","name":"Habilitas","description":"","potentialAction":[{"@type":"SearchAction","target":{"@type":"EntryPoint","urlTemplate":"https:\/\/habilitas.ca\/?s={search_term_string}"},"query-input":{"@type":"PropertyValueSpecification","valueRequired":true,"valueName":"search_term_string"}}],"inLanguage":"fr-FR"}]}},"_links":{"self":[{"href":"https:\/\/habilitas.ca\/fr\/wp-json\/wp\/v2\/pages\/242797","targetHints":{"allow":["GET"]}}],"collection":[{"href":"https:\/\/habilitas.ca\/fr\/wp-json\/wp\/v2\/pages"}],"about":[{"href":"https:\/\/habilitas.ca\/fr\/wp-json\/wp\/v2\/types\/page"}],"author":[{"embeddable":true,"href":"https:\/\/habilitas.ca\/fr\/wp-json\/wp\/v2\/users\/13"}],"replies":[{"embeddable":true,"href":"https:\/\/habilitas.ca\/fr\/wp-json\/wp\/v2\/comments?post=242797"}],"version-history":[{"count":16,"href":"https:\/\/habilitas.ca\/fr\/wp-json\/wp\/v2\/pages\/242797\/revisions"}],"predecessor-version":[{"id":246625,"href":"https:\/\/habilitas.ca\/fr\/wp-json\/wp\/v2\/pages\/242797\/revisions\/246625"}],"up":[{"embeddable":true,"href":"https:\/\/habilitas.ca\/fr\/wp-json\/wp\/v2\/pages\/242970"}],"wp:attachment":[{"href":"https:\/\/habilitas.ca\/fr\/wp-json\/wp\/v2\/media?parent=242797"}],"curies":[{"name":"wp","href":"https:\/\/api.w.org\/{rel}","templated":true}]}}